{"id":7524,"date":"2019-06-11T09:53:29","date_gmt":"2019-06-11T09:53:29","guid":{"rendered":"https:\/\/www.coet.it\/it\/privacy-policy\/"},"modified":"2023-12-29T10:37:45","modified_gmt":"2023-12-29T10:37:45","slug":"privacy-policy","status":"publish","type":"page","link":"https:\/\/www.coet.it\/it\/privacy-policy\/","title":{"rendered":"Privacy Policy"},"content":{"rendered":"<h4 style=\"text-align: center;\">INFORMATIVA SUL TRATTAMENTO DEI DATI PERSONALI<\/h4>\n<p style=\"text-align: center;\"><strong>ai sensi degli artt. 13 e 14 del Regolamento UE 2016\/679<\/strong><\/p>\n<p>Ai sensi degli artt. 13 e 14 del Regolamento Europeo 679\/2016, relativo alla protezione dei dati personali delle persone fisiche (di seguito il \u201c<strong>GDPR<\/strong>\u201d), <strong>COET <\/strong><strong>S.r.l.<\/strong> (di seguito \u201c<strong>COET<\/strong>\u201d o la \u201c<strong>Societ\u00e0<\/strong>\u201d), in qualit\u00e0 di titolare del trattamento, desidera informarLa in merito al trattamento dei Suoi dati.<\/p>\n<p><strong>TIPOLOGIA DI DATI PERSONALI<\/strong><br \/>\nNel caso in cui Lei lavori per uno dei nostri fornitori, clienti o partner commerciali, La informiamo che COET, nell\u2019ambito dei rapporti che intrattiene con il Suo datore di lavoro, detiene alcuni Suoi dati personali da Lei forniti, oppure forniti dal Suo datore di lavoro o ottenuti da fonti pubbliche (ad esempio Camere di Commercio); tali dati personali includono il nome, il cognome, il titolo professionale, i dati di contatto, quali l\u2019indirizzo del luogo di lavoro, l\u2019indirizzo e-mail e i numeri di telefono; nel caso in cui Lei lavori per uno dei nostri fornitori \/ appaltatori e sia assegnato allo svolgimento di servizi per COET, i Suoi dati possono includere informazioni relative allo stipendio, nonch\u00e9 ai contributi pensionistici e assicurativi versati dal Suo datore di lavoro (nella misura necessaria alla verifica del rispetto delle norme a tutela dei lavoratori nell\u2019ambito dei contratti di appalto).<br \/>\nNel caso in cui Lei sia personalmente un nostro fornitore, cliente o partner commerciale, oltre ai dati evidenziati sopra, COET potr\u00e0 trattare anche dati relativi alla fatturazione e ai pagamenti (inclusi la Partita IVA, il Codice Fiscale e i dati bancari), all\u2019iscrizione ad albi o registri, nonch\u00e9 informazioni di carattere economico finanziario (ad esempio dati circa la solvibilit\u00e0).<br \/>\nTutti i Suoi dati personali saranno trattati da COET in conformit\u00e0 con il GDPR e altra normativa applicabile sulla protezione dei dati personali, incluse le decisioni dell\u2019Autorit\u00e0 Garante della protezione dei dati personali.<\/p>\n<p><strong>FINALIT\u00c0 E BASI GIURIDICHE DEL TRATTAMENTO<\/strong><br \/>\nIl trattamento dei Suoi dati \u00e8 effettuato dalla Societ\u00e0 nello svolgimento delle sue attivit\u00e0 economiche e commerciali, per finalit\u00e0 connesse alla negoziazione, instaurazione, gestione ed esecuzione del rapporto contrattuale con il Suo datore di lavoro o direttamente con Lei (qualora Lei fosse un fornitore, un cliente o un partner commerciale della Societ\u00e0), inclusi la gestione del rapporto pre-contrattuale e\/o l&#8217;inserimento nell&#8217;albo fornitori della Societ\u00e0. In particolare, i dati saranno trattati per (i) l\u2019assolvimento di obblighi di legge e regolamentari (es. obblighi fiscali e contabili, obblighi derivanti dalla disciplina dei contratti di appalto e in materia di igiene e sicurezza sul lavoro); (ii) la gestione amministrativa dei contratti, ivi inclusa la gestione dei pagamenti e delle fatture; (iii) l\u2019adempimento di obblighi relativi alla fornitura o all\u2019acquisto di beni e servizi; nonch\u00e9 (iv) la gestione dell\u2019eventuale contenzioso.<br \/>\nIl trattamento dei dati personali per le finalit\u00e0 sopra descritte \u00e8 legittimo ai sensi del GDPR e, specificatamente, ai sensi dell\u2019art. 6.1 lettera b) (il trattamento \u00e8 necessario per l\u2019esecuzione di un contratto), art. 6.1 lettera c) (il trattamento \u00e8 necessario per adempiere ad un obbligo di legge) e\/o art. 6.1. lettera f) (il trattamento \u00e8 necessario per perseguire un legittimo interesse del titolare, vale a dire, nel nostro caso, l\u2019interesse della Societ\u00e0 di stipulare, eseguire ed adempiere a contratti nell\u2019ambito della propria attivit\u00e0 e verificare l\u2019affidabilit\u00e0 economico-finanziaria dei propri partner commerciali).<\/p>\n<p><strong>NATURA DEL CONFERIMENTO E MODALIT\u00c0 DEL TRATTAMENTO<\/strong><br \/>\nLa raccolta e il conferimento dei Suoi dati \u00e8 necessario al fine di instaurare una relazione commerciale, eseguire correttamente obbligazioni pre-contrattuali e contrattuali o, ove gi\u00e0 instaurata una relazione contrattuale, adempiere agli obblighi che ne derivano.<br \/>\nQualora Lei visitasse le sedi di COET, i Suoi dati personali saranno raccolti e trattati anche attraverso i sistemi di videosorveglianza presenti nelle zone di accesso e uscita delle sedi della Societ\u00e0 e all&#8217;interno delle stesse, secondo quanto evidenziato nell&#8217;informativa relativa al trattamento dei dati per gli scopi di videosorveglianza, disponibile presso le nostre sedi.<br \/>\nI Suoi dati personali saranno trattati dalla Societ\u00e0 e dal suo personale autorizzato, principalmente dal personale dell\u2019Ufficio Acquisti, Ufficio Vendite e Amministrazione e Finanza e anche da altro staff della Societ\u00e0 che potrebbe avere necessit\u00e0 di trattare i dati, con sistemi elettronici e manuali, secondo i principi di correttezza, lealt\u00e0 e trasparenza previsti dalla normativa applicabile in materia di protezione dei dati personali, tutelando la Sua riservatezza tramite misure di sicurezza tecniche ed organizzative per garantire un livello di sicurezza adeguato.<\/p>\n<p><strong>CONSERVAZIONE DEI DATI<\/strong><br \/>\nI dati saranno conservati nel rispetto del GDPR e della normativa applicabile per la protezione dei dati personali per tutto il periodo di tempo necessario per adempiere alle finalit\u00e0 sopra indicate. In particolare, i dati saranno conservati per tutta la durata del rapporto contrattuale con Lei o con il Suo datore di lavoro ed anche dopo la cessazione dello stesso, in ottemperanza agli obblighi civilistici e fiscali (ad esempio obbligo di conservare le fatture e la documentazione aziendale per almeno 10 anni).<\/p>\n<p><strong>COMUNICAZIONE E TRASFERIMENTO DEI DATI<\/strong><br \/>\nOltre alle comunicazioni da eseguirsi in adempimento degli obblighi di legge e contrattuali, i Suoi dati potranno essere comunicati a consulenti fiscali o legali, collaboratori della Societ\u00e0, istituti di credito, enti e amministrazioni pubbliche ove ci\u00f2 sia necessario, nonch\u00e9 a soggetti legittimati per legge a ricevere tali informazioni, autorit\u00e0 giudiziarie italiane e straniere e altre pubbliche autorit\u00e0, per le finalit\u00e0 connesse all&#8217;adempimento di obblighi legali, o per l&#8217;espletamento delle obbligazioni assunte e scaturenti dalla relazione contrattuale, nonch\u00e9 per esigenze di difesa in giudizio.<br \/>\nI Suoi dati di contatto potrebbero essere comunicati del tutto occasionalmente ad ulteriori clienti e\/o fornitori della Societ\u00e0, ad esempio qualora essi debbano collaborare con Lei o con il Suo datore di lavoro ai fini dell\u2019esecuzione di obblighi contrattuali.<br \/>\nLa Societ\u00e0 si avvale anche di soggetti terzi per la prestazione di alcuni servizi che comportano il trattamento dei dati personali, quali ad esempio i servizi contabili e finanziari, di videosorveglianza, e gestione dei sistemi informatici. Tali soggetti operano in qualit\u00e0 di responsabili del trattamento, sulla base di istruzioni specifiche e adeguate in termini di modalit\u00e0 di trattamento e misure di sicurezza indicate in apposita documentazione contrattuale.<br \/>\nI Suoi dati personali non saranno trasferiti fuori dalla Unione Europea.<br \/>\n<strong>Diritti dell\u2019interessato<\/strong><br \/>\nLei, in qualit\u00e0 di interessato, potr\u00e0 esercitare, in relazione al trattamento dei Suoi dati descritto nella presente informativa, i diritti previsti dal GDPR (artt.15-21), ivi inclusi i diritti di:<\/p>\n<ul>\n<li>ricevere conferma dell\u2019esistenza dei Suoi dati personali e accedere al loro contenuto (<strong>diritto di accesso<\/strong>);<\/li>\n<li>aggiornare, modificare e\/o correggere i Suoi dati personali (<strong>diritto di rettifica<\/strong>);<\/li>\n<li>chiedere la cancellazione dei Suoi dati o la limitazione del trattamento dei dati in violazione di legge, compresi quelli di cui non \u00e8 necessaria la conservazione in relazione agli scopi per i quali i dati sono stati raccolti o altrimenti trattati (<strong>diritto all&#8217;oblio e diritto alla limitazione<\/strong>);<\/li>\n<li>salvo che il trattamento sia previsto in adempimento di un obbligo di legge, opporsi al trattamento, nei casi previsti dal GDPR (<strong>diritto di opposizione<\/strong>);<\/li>\n<li>ricevere copia dei dati in formato elettronico e chiedere che tali dati siano trasmessi ad un altro titolare del trattamento (<strong>diritto alla portabilit\u00e0 dei dati<\/strong>).<\/li>\n<\/ul>\n<p>Per esercitare tali diritti o per richiesta di ulteriori informazioni relative alla presente informativa, Lei pu\u00f2 rivolgersi alla Societ\u00e0 inviando un\u2019e-mail a <a href=\"mailto:privacy@coet.it\">privacy@coet.it<\/a>.<br \/>\nGli Interessati possono inoltre proporre reclamo all\u2019Autorit\u00e0 Garante per la Protezione dei dati personali in caso di violazione della disciplina in materia di protezione dei dati personali.<\/p>\n<p><strong>Identit\u00e0 e dati di contatto del Titolare del trattamento<\/strong><br \/>\nTitolare del trattamento dei Suoi dati personali \u00e8 COET S.r.l. con sede legale in Via Civesio, 12 &#8211; 20097 San Donato Milanese (MI), email <a href=\"mailto:coet@coet.it\">coet@coet.it<\/a>.<\/p>\n<p>&nbsp;<\/p>\n<h4 style=\"text-align: center;\"><strong>PRIVACY POLICY\u00a0DEL SITO\u00a0WWW.COET.IT<\/strong><\/h4>\n<p>Ai sensi degli articoli 13 e 14 del Regolamento (UE) 2016\/679 \u2013 Regolamento generale sulla protezione dei dati (\u201cGDPR\u201d), la presente informativa descrive le modalit\u00e0 di gestione del trattamento dei dati personali degli utenti (gli \u201cUtenti\u201d o gli \u201cInteressati\u201d) del sito Internet www.coet.it (il \u201cSito\u201d) e non anche di altri siti web eventualmente consultati dagli Utenti tramite eventuali link presenti sulle pagine del Sito stesso.<\/p>\n<p><strong>DATA CONTROLLER<strong><br \/>\n<strong>COET S.r.l.<strong><br \/>\n<\/strong><\/strong><\/strong><\/strong>registered office at Via Civesio, 12<br \/>\n20097 S. Donato Milanese (MI)<br \/>\nTel: +39 02 842934<br \/>\nFax: +39 02 5279753<br \/>\nEmail: <a href=\"mailto:coet@coet.it\">coet@coet.it<\/a><\/p>\n<p><strong>TIPOLOGIA DEI DATI TRATTATI<\/strong><br \/>\n<u>DATI DI NAVIGAZIONE<\/u><br \/>\nI sistemi informatici e le procedure software preposte al funzionamento del Sito acquisiscono, nel corso del loro normale esercizio, alcuni dati personali degli Utenti la cui trasmissione \u00e8 inscindibile dall\u2019uso dei protocolli di comunicazione di Internet. Si tratta di informazioni che non sono raccolte per essere associate ad Interessati identificati, ma che per loro stessa natura potrebbero, attraverso elaborazioni ed associazioni con dati detenuti da terzi, permettere di identificare gli Utenti.<br \/>\nIn questa categoria di dati rientrano gli indirizzi IP o i nomi a dominio dei computer utilizzati dagli Utenti che si connettono al Sito, gli indirizzi in notazione URI (<em>Uniform Resource Identifier<\/em>) delle risorse richieste, l\u2019orario della richiesta, il metodo utilizzato nel sottoporre la richiesta al server, la dimensione del file ottenuto in risposta, il codice numerico indicante lo stato della risposta data dal server (buon fine, errore, ecc.) ed altri parametri relativi al sistema operativo e all\u2019ambiente informatico dell\u2019Utente.<\/p>\n<p><u>DATI FORNITI VOLONTARIAMENTE DALL&#8217;UTENTE<\/u><br \/>\nL\u2019eventuale invio, facoltativo e volontario, di comunicazioni agli indirizzi di posta elettronica indicati sul Sito cos\u00ec come la compilazione, da parte degli Utenti, di moduli di contatto per l\u2019invio di commenti o richieste di informazioni circa la nostra attivit\u00e0 commerciale, comportano la raccolta e l\u2019acquisizione dell\u2019indirizzo email del mittente e degli altri dati inseriti nei campi obbligatori dei moduli (ad esempio, nome e cognome), nonch\u00e9 dei dati eventualmente inseriti nei campi facoltativi o nel messaggio.<\/p>\n<p><strong>FINALITA\u2019 E BASE GIURIDICA DEL TRATTAMENTO DEI DATI \u2013 TEMPO DI CONSERVAZIONE DEI DATI<\/strong><br \/>\nI <strong>dati di navigazione<\/strong> vengono utilizzati per il perseguimento di un legittimo interesse del Titolare consistente nel ricavare informazioni statistiche anonime sull&#8217;uso del Sito e nel controllare il corretto funzionamento del Sito stesso; tali dati vengono cancellati immediatamente dopo l&#8217;elaborazione. I dati di navigazione, inoltre, potrebbero essere utilizzati per il legittimo interesse del Titolare all&#8217;accertamento di responsabilit\u00e0 in caso di reati informatici.<br \/>\nI <strong>dati personali forniti volontariamente dagli Utenti<\/strong> che inviano email e\/o richieste di contatto, sono utilizzati al solo fine di soddisfare o dare riscontro alle richieste trasmesse. Le \u201cbasi giuridiche\u201d che, ai sensi dell\u2019art. 6, paragrafo 1, del GDPR, legittimano la raccolta ed il trattamento di tali dati personali sono:<\/p>\n<ul>\n<li>il legittimo interesse del Titolare a rispondere alle richieste degli Utenti;<\/li>\n<li>l\u2019assolvimento di obblighi di legge e regolamentari;<\/li>\n<li>la gestione di eventuali contenziosi, contestazioni, controversie, reclami, nonch\u00e9 di tutela dei sistemi informativi del Titolare;<\/li>\n<li>l\u2019evasione di richieste pre-contrattuali.<\/li>\n<\/ul>\n<p>I dati personali verranno conservati per il tempo necessario a perseguire le finalit\u00e0 per le quali sono stati raccolti e, comunque, per il tempo necessario al fine di adempiere a disposizioni di legge e\/o esercitare o difendere diritti in sede giudiziaria.<\/p>\n<p><strong>SOGGETTI AUTORIZZATI E DESTINATARI DEI DATI<\/strong><br \/>\nI trattamenti connessi all\u2019interazione con il Sito (fisicamente posto in hosting sul territorio italiano) sono effettuati presso la sede del Titolare e sono curati solo da personale autorizzato al loro trattamento, afferente alle funzioni aziendali di volta in volta coinvolte nell\u2019ambito della richiesta o del contatto (es. IT, Vendite). Ove richiesto per legge o per prevenire o reprimere la commissione di un reato, i dati personali potranno essere comunicati ad enti pubblici o all\u2019autorit\u00e0 giudiziaria.<strong>\u00a0<\/strong><\/p>\n<p><strong>COOKIE<\/strong><br \/>\nPer informazioni sulle modalit\u00e0 di gestione dei cookies del Sito, consultate la nostra <u>Cookie Policy<\/u>(*)<\/p>\n<p><strong>FACOLTATIVITA&#8217; DEL CONFERIMENTO DEI DATI<\/strong><br \/>\nA parte quanto specificato per i dati di navigazione e i cookie, l\u2019Utente \u00e8 libero di fornire i dati personali attraverso l\u2019inoltro di e-mail o la compilazione di moduli di contatto, per sollecitare l\u2019invio di materiale informativo. Il mancato conferimento dei dati personali di cui sopra pu\u00f2 comportare, in questi casi, l\u2019impossibilit\u00e0, da parte del Titolare, di far seguito alle richieste degli Utenti.<\/p>\n<p><strong>MODALITA&#8217; DEL TRATTAMENTO<\/strong><br \/>\nI dati personali sono trattati con strumenti automatizzati. Specifiche misure di sicurezza sono osservate per prevenire la perdita dei dati, usi illeciti o non corretti ed accessi non autorizzati.<\/p>\n<p><strong>DIRITTI DEGLI INTERESSATI<\/strong><br \/>\nGli Utenti hanno il diritto in qualunque momento, quando ne ricorrano i presupposti di legge, di accedere ai propri dati personali trattati, chiederne la rettifica, l\u2019integrazione o la cancellazione, chiedere la limitazione del trattamento, opporsi al loro trattamento o chiedere la portabilit\u00e0 dei dati (artt. 15-22 del Regolamento).<br \/>\nLe richieste possono essere rivolte all\u2019indirizzo e-mail: <a href=\"mailto:privacy@coet.it\">privacy@coet.it<br \/>\n<\/a>Gli utenti potranno inoltre, in relazione ai trattamenti di dati personali descritti in questa Privacy Policy, inviare reclami al Garante per la Protezione dei Dati Personali.<\/p>\n<p><strong>AGGIORNAMENTO DELL\u2019INFORMATIVA<\/strong><br \/>\nLa presente informativa potr\u00e0 essere nel tempo aggiornata in ragione di modifiche riguardanti l\u2019organizzazione del Titolare, le modalit\u00e0 di trattamento da parte del Titolare, implementazioni tecnologiche adottate dal Titolare, o in conseguenza di modifiche alla normativa applicabile in materia di protezione dei dati personali.<\/p>\n<p>(*) <u>Cookie Policy<\/u><\/p>\n<p>Le\u00a0applicazioni utilizzano Cookie comunemente detti \u201ctecnici\u201d o altri Strumenti di Tracciamento analoghi per svolgere attivit\u00e0 strettamente necessarie a garantire il funzionamento o la fornitura del Servizio.<\/p>\n<p>Nello specifico i cookie che vengono scaricati sono:<br \/>\n<strong>icl_current_language:<\/strong>\u00a0This cookie is stored by WPML WordPress plugin. The purpose of the cookie is to store the current language. (1 day)<strong><br \/>\n<strong>cookielawinfo-checkbox-necessary:<\/strong><\/strong>\u00a0Set by the GDPR Cookie Consent plugin, this cookie is used to record the user consent for the cookies in the &#8220;Necessary&#8221; category. (1 year)<strong><br \/>\n<strong>cookielawinfo-checkbox-non-necessary:<\/strong><\/strong>\u00a0Set by the GDPR Cookie Consent plugin, this cookie is used to record the user consent for the cookies in the &#8220;Non-necessary&#8221; category. (1 year)<\/p>\n","protected":false},"excerpt":{"rendered":"<p>INFORMATIVA SUL TRATTAMENTO DEI DATI PERSONALI ai sensi degli artt. 13 e 14 del Regolamento UE 2016\/679 Ai sensi degli artt. 13 e 14 del Regolamento Europeo 679\/2016, relativo alla&#8230;<\/p>\n","protected":false},"author":1,"featured_media":0,"parent":0,"menu_order":0,"comment_status":"closed","ping_status":"closed","template":"","meta":{"footnotes":""},"class_list":["post-7524","page","type-page","status-publish","hentry"],"_links":{"self":[{"href":"https:\/\/www.coet.it\/it\/wp-json\/wp\/v2\/pages\/7524"}],"collection":[{"href":"https:\/\/www.coet.it\/it\/wp-json\/wp\/v2\/pages"}],"about":[{"href":"https:\/\/www.coet.it\/it\/wp-json\/wp\/v2\/types\/page"}],"author":[{"embeddable":true,"href":"https:\/\/www.coet.it\/it\/wp-json\/wp\/v2\/users\/1"}],"replies":[{"embeddable":true,"href":"https:\/\/www.coet.it\/it\/wp-json\/wp\/v2\/comments?post=7524"}],"version-history":[{"count":0,"href":"https:\/\/www.coet.it\/it\/wp-json\/wp\/v2\/pages\/7524\/revisions"}],"wp:attachment":[{"href":"https:\/\/www.coet.it\/it\/wp-json\/wp\/v2\/media?parent=7524"}],"curies":[{"name":"wp","href":"https:\/\/api.w.org\/{rel}","templated":true}]}}